{"id":39,"date":"2010-12-18T17:25:13","date_gmt":"2010-12-18T17:25:13","guid":{"rendered":"http:\/\/irenetedeschi.com\/?page_id=39"},"modified":"2011-03-24T09:09:15","modified_gmt":"2011-03-24T09:09:15","slug":"positive-wirkung-der-massagen","status":"publish","type":"page","link":"http:\/\/irenetedeschi.com\/?page_id=39","title":{"rendered":"Positive Wirkung der Massagen"},"content":{"rendered":"<p>&#8211; Auflockerung und Aufl\u00f6sung verh\u00e4rteter Muskulatur<br \/>\n&#8211; F\u00f6rdert die Durchblutung<br \/>\n&#8211; Regt den Lymphfluss an<br \/>\n&#8211; Haltung und Beweglichkeit werden verbessert<br \/>\n&#8211; St\u00e4rkt das Immunsystem<br \/>\n&#8211; Strafft das Gewebe<br \/>\n&#8211; Entschlackt und entgiftet auf allen Ebenen<br \/>\n&#8211; Aktiviert den Stressabbau<br \/>\n&#8211; Vitalisiert, regeneriert, steigert das Wohlbefinden<br \/>\n&#8211; F\u00fchrt zu seelischer und k\u00f6rperlicher Ausgeglichenheit<br \/>\n&#8211; Sch\u00fcttet Gl\u00fcckshormone aus (Endorphine)<br \/>\n&#8211; Aktiviert Selbstheilungskr\u00e4fte<br \/>\n&#8211; Tr\u00e4gt zur Aufl\u00f6sung alter Denk- und Verhaltensmuster bei<\/p>\n","protected":false},"excerpt":{"rendered":"<p>&#8211; Auflockerung und Aufl\u00f6sung verh\u00e4rteter Muskulatur &#8211; F\u00f6rdert die Durchblutung &#8211; Regt den Lymphfluss an &#8211; Haltung und Beweglichkeit werden verbessert &#8211; St\u00e4rkt das Immunsystem &#8211; Strafft das Gewebe &#8211; Entschlackt und entgiftet auf allen Ebenen &#8211; Aktiviert den Stressabbau &hellip; <a href=\"http:\/\/irenetedeschi.com\/?page_id=39\">Weiterlesen <span class=\"meta-nav\">&rarr;<\/span><\/a><\/p>\n","protected":false},"author":1,"featured_media":0,"parent":0,"menu_order":0,"comment_status":"closed","ping_status":"closed","template":"","meta":[],"tags":[4,5,7,9,10,8,6],"_links":{"self":[{"href":"http:\/\/irenetedeschi.com\/index.php?rest_route=\/wp\/v2\/pages\/39"}],"collection":[{"href":"http:\/\/irenetedeschi.com\/index.php?rest_route=\/wp\/v2\/pages"}],"about":[{"href":"http:\/\/irenetedeschi.com\/index.php?rest_route=\/wp\/v2\/types\/page"}],"author":[{"embeddable":true,"href":"http:\/\/irenetedeschi.com\/index.php?rest_route=\/wp\/v2\/users\/1"}],"replies":[{"embeddable":true,"href":"http:\/\/irenetedeschi.com\/index.php?rest_route=%2Fwp%2Fv2%2Fcomments&post=39"}],"version-history":[{"count":20,"href":"http:\/\/irenetedeschi.com\/index.php?rest_route=\/wp\/v2\/pages\/39\/revisions"}],"predecessor-version":[{"id":42,"href":"http:\/\/irenetedeschi.com\/index.php?rest_route=\/wp\/v2\/pages\/39\/revisions\/42"}],"wp:attachment":[{"href":"http:\/\/irenetedeschi.com\/index.php?rest_route=%2Fwp%2Fv2%2Fmedia&parent=39"}],"wp:term":[{"taxonomy":"post_tag","embeddable":true,"href":"http:\/\/irenetedeschi.com\/index.php?rest_route=%2Fwp%2Fv2%2Ftags&post=39"}],"curies":[{"name":"wp","href":"https:\/\/api.w.org\/{rel}","templated":true}]}}