{"id":46,"date":"2010-12-18T17:29:11","date_gmt":"2010-12-18T17:29:11","guid":{"rendered":"http:\/\/irenetedeschi.com\/?page_id=46"},"modified":"2011-03-24T09:08:31","modified_gmt":"2011-03-24T09:08:31","slug":"eine-parabel","status":"publish","type":"page","link":"http:\/\/irenetedeschi.com\/?page_id=46","title":{"rendered":"Eine Parabel"},"content":{"rendered":"<p><strong>Der Weise und der Tiger<\/strong><\/p>\n<p>Ein Mann geht eines Tages auf einem Hochplateau spazieren. Pl\u00f6tzlich h\u00f6rt er in einiger Entfernung hinter sich einen fauchenden Tiger, der offensichtlich auf ihn zukommt. Um dem Tier zu entkommen, l\u00e4uft er, so schnell er kann, rennt aber geradewegs auf einen Abgrund zu.<\/p>\n<p>Der Tiger kommt immer n\u00e4her. In seiner Not dr\u00fcckt sich der Mann an den \u00e4u\u00dfersten Rand und kommt dabei ins Rutschen. Im letzten Moment kann er sich noch an einer Wurzel festhalten. Doch \u00fcber ihm der Tiger, unter ihm der Abgrund, es gibt kein Entkommen. Alle Fluchtwege sind versperrt.\u00a0 Da erblickt der Mann direkt vor seinen Augen eine wilde Erdbeere. Er pfl\u00fcckt sie, nimmt sie in den Mund und murmelt: \u201eWie k\u00f6stlich, diese Erdbeere.\u201c<\/p>\n<p><strong>Fazit:<br \/>\nLebe den Augenblick \u2013 Das Leben ist kostbar!<\/strong><\/p>\n","protected":false},"excerpt":{"rendered":"<p>Der Weise und der Tiger Ein Mann geht eines Tages auf einem Hochplateau spazieren. Pl\u00f6tzlich h\u00f6rt er in einiger Entfernung hinter sich einen fauchenden Tiger, der offensichtlich auf ihn zukommt. Um dem Tier zu entkommen, l\u00e4uft er, so schnell er &hellip; <a href=\"http:\/\/irenetedeschi.com\/?page_id=46\">Weiterlesen <span class=\"meta-nav\">&rarr;<\/span><\/a><\/p>\n","protected":false},"author":1,"featured_media":0,"parent":0,"menu_order":0,"comment_status":"closed","ping_status":"closed","template":"","meta":[],"tags":[4,5,7,9,10,8,6],"_links":{"self":[{"href":"http:\/\/irenetedeschi.com\/index.php?rest_route=\/wp\/v2\/pages\/46"}],"collection":[{"href":"http:\/\/irenetedeschi.com\/index.php?rest_route=\/wp\/v2\/pages"}],"about":[{"href":"http:\/\/irenetedeschi.com\/index.php?rest_route=\/wp\/v2\/types\/page"}],"author":[{"embeddable":true,"href":"http:\/\/irenetedeschi.com\/index.php?rest_route=\/wp\/v2\/users\/1"}],"replies":[{"embeddable":true,"href":"http:\/\/irenetedeschi.com\/index.php?rest_route=%2Fwp%2Fv2%2Fcomments&post=46"}],"version-history":[{"count":15,"href":"http:\/\/irenetedeschi.com\/index.php?rest_route=\/wp\/v2\/pages\/46\/revisions"}],"predecessor-version":[{"id":256,"href":"http:\/\/irenetedeschi.com\/index.php?rest_route=\/wp\/v2\/pages\/46\/revisions\/256"}],"wp:attachment":[{"href":"http:\/\/irenetedeschi.com\/index.php?rest_route=%2Fwp%2Fv2%2Fmedia&parent=46"}],"wp:term":[{"taxonomy":"post_tag","embeddable":true,"href":"http:\/\/irenetedeschi.com\/index.php?rest_route=%2Fwp%2Fv2%2Ftags&post=46"}],"curies":[{"name":"wp","href":"https:\/\/api.w.org\/{rel}","templated":true}]}}