{"id":81,"date":"2010-12-18T20:47:51","date_gmt":"2010-12-18T20:47:51","guid":{"rendered":"http:\/\/irenetedeschi.com\/?page_id=81"},"modified":"2026-01-15T13:15:32","modified_gmt":"2026-01-15T13:15:32","slug":"kontakt","status":"publish","type":"page","link":"http:\/\/irenetedeschi.com\/?page_id=81","title":{"rendered":"Kontakt"},"content":{"rendered":"<p><strong>Irene Tedeschi<\/strong><\/p>\n<p><strong>Telefonische Terminvereinbarung erforderlich<br \/>\n+39 333 236 80 85<\/strong><\/p>\n<p><strong>Zahlungsbedingungen:<br \/>\n<\/strong>Es werden ausschlie\u00dflich Barzahlungen akzeptiert<br \/>\nBei Terminbest\u00e4tigung muss eine Kaution hinterlegt werden<br \/>\nEventuelle Absagen m\u00fcssen mindestens 72 Stunden im voraus erfolgen, ansonsten wird der volle Betrag in Rechnung gestellt<strong><br \/>\n<\/strong><\/p>\n<p><a href=\"http:\/\/irenetedeschi.com\/wp-content\/uploads\/2011\/01\/Anfahrtsskizze-DE.jpg\" rel=\"lightbox[81]\"><img loading=\"lazy\" class=\"alignright size-medium wp-image-187\" title=\"Anfahrtsskizze-DE\" src=\"http:\/\/irenetedeschi.com\/wp-content\/uploads\/2011\/01\/Anfahrtsskizze-DE-300x114.jpg\" alt=\"\" width=\"300\" height=\"114\" srcset=\"http:\/\/irenetedeschi.com\/wp-content\/uploads\/2011\/01\/Anfahrtsskizze-DE-300x114.jpg 300w, http:\/\/irenetedeschi.com\/wp-content\/uploads\/2011\/01\/Anfahrtsskizze-DE.jpg 750w\" sizes=\"(max-width: 300px) 100vw, 300px\" \/><\/a><strong>\u00d6ffentliches Schwimmbad<\/strong><br \/>\n<a title=\"mardolomit.com\" href=\"http:\/\/www.mardolomit.com\/\" target=\"_blank\" rel=\"noopener noreferrer\">MAR DOLOMIT<\/a><br \/>\nPromenedastra\u00dfe 2<br \/>\n39046 St. Ulrich<\/p>\n<p><strong>Gr\u00f6den Marketing<\/strong><br \/>\n<a title=\"valgardena.it\" href=\"http:\/\/www.valgardena.it\/de\/\" target=\"_blank\" rel=\"noopener noreferrer\"> www.valgardena.it<\/a><\/p>\n","protected":false},"excerpt":{"rendered":"<p>Irene Tedeschi Telefonische Terminvereinbarung erforderlich +39 333 236 80 85 Zahlungsbedingungen: Es werden ausschlie\u00dflich Barzahlungen akzeptiert Bei Terminbest\u00e4tigung muss eine Kaution hinterlegt werden Eventuelle Absagen m\u00fcssen mindestens 72 Stunden im voraus erfolgen, ansonsten wird der volle Betrag in Rechnung gestellt &hellip; <a href=\"http:\/\/irenetedeschi.com\/?page_id=81\">Weiterlesen <span class=\"meta-nav\">&rarr;<\/span><\/a><\/p>\n","protected":false},"author":1,"featured_media":0,"parent":0,"menu_order":0,"comment_status":"closed","ping_status":"closed","template":"","meta":[],"tags":[4,5,7,9,10,8,6],"_links":{"self":[{"href":"http:\/\/irenetedeschi.com\/index.php?rest_route=\/wp\/v2\/pages\/81"}],"collection":[{"href":"http:\/\/irenetedeschi.com\/index.php?rest_route=\/wp\/v2\/pages"}],"about":[{"href":"http:\/\/irenetedeschi.com\/index.php?rest_route=\/wp\/v2\/types\/page"}],"author":[{"embeddable":true,"href":"http:\/\/irenetedeschi.com\/index.php?rest_route=\/wp\/v2\/users\/1"}],"replies":[{"embeddable":true,"href":"http:\/\/irenetedeschi.com\/index.php?rest_route=%2Fwp%2Fv2%2Fcomments&post=81"}],"version-history":[{"count":36,"href":"http:\/\/irenetedeschi.com\/index.php?rest_route=\/wp\/v2\/pages\/81\/revisions"}],"predecessor-version":[{"id":334,"href":"http:\/\/irenetedeschi.com\/index.php?rest_route=\/wp\/v2\/pages\/81\/revisions\/334"}],"wp:attachment":[{"href":"http:\/\/irenetedeschi.com\/index.php?rest_route=%2Fwp%2Fv2%2Fmedia&parent=81"}],"wp:term":[{"taxonomy":"post_tag","embeddable":true,"href":"http:\/\/irenetedeschi.com\/index.php?rest_route=%2Fwp%2Fv2%2Ftags&post=81"}],"curies":[{"name":"wp","href":"https:\/\/api.w.org\/{rel}","templated":true}]}}